{"id":65587,"date":"2014-12-17T11:00:25","date_gmt":"2014-12-17T11:00:25","guid":{"rendered":"http:\/\/albinfo.ch\/?page_id=65587"},"modified":"2014-12-17T11:00:25","modified_gmt":"2014-12-17T11:00:25","slug":"la-charte","status":"publish","type":"page","link":"https:\/\/www.albinfo.at\/fr\/la-charte\/","title":{"rendered":"La charte"},"content":{"rendered":"<h2 class=\"art-PostHeader\">Charte de la plate-forme internet albinfo.ch<\/h2>\n<div class=\"art-article\">\n<p>Albinfo.ch est une association au sens du code civil suisse. Elle r\u00e9unit des personnes venues de divers horizons, politiques ou professionnels, bien au fait des questions migratoires. L\u2019association n\u2019a pas d\u2019attaches partisanes et est neutre sur le plan confessionnel. Elle est dirig\u00e9e par un comit\u00e9 et \u00e9paul\u00e9e par un conseil strat\u00e9gique. Ses membres proviennent de Suisse et des Balkans.<\/p>\n<p>L\u2019association albinfo.ch entend \u0153uvrer au d\u00e9veloppement des Balkans et \u00e0 l\u2019int\u00e9gration de ses ressortissants en Suisse ; en renfor\u00e7ant les ressources sociales des diasporas autour notamment de projets d\u2019investissements men\u00e9s dans les pays d\u2019origine, et en favorisant leur insertion dans le processus socio-politique suisse.<\/p>\n<p>A cette fin, elle g\u00e8re la plate-forme internet albinfo.ch laquelle dispense une information professionnelle et quotidienne et des services r\u00e9guliers destin\u00e9s au public, et en particulier \u00e0 la population albanophone, avec des traductions, en fran\u00e7ais et en allemand, et dans une phase ult\u00e9rieure, en italien.<\/p>\n<p>La ligne \u00e9ditoriale de la plate-forme albinfo.ch repose, entre autres, sur les valeurs et exigences suivantes : citoyennet\u00e9, objectivit\u00e9, diversit\u00e9, d\u00e9veloppement durable et concorde.<\/p>\n<p>Albinfo.ch contribue au renforcement du sentiment d\u2019appartenance \u00e0 la Suisse, dans le respect des cultures d\u2019origine.<\/p>\n<p>Le projet albinfo.ch est cofinanc\u00e9 par la Conf\u00e9d\u00e9ration suisse (DDC, ODM et CFM).<\/p>\n<p>Enfin, albinfo.ch est seule responsable du contenu de sa plate-forme.<\/p>\n<\/div>\n","protected":false},"excerpt":{"rendered":"<p>Charte de la plate-forme internet albinfo.ch Albinfo.ch est une association au sens du code civil suisse. Elle r\u00e9unit des personnes venues de divers horizons, politiques ou professionnels, bien au fait des questions migratoires. L\u2019association n\u2019a pas d\u2019attaches partisanes et est neutre sur le plan confessionnel. Elle est dirig\u00e9e par un comit\u00e9 et \u00e9paul\u00e9e par un [&hellip;]<\/p>\n","protected":false},"author":1,"featured_media":0,"parent":0,"menu_order":0,"comment_status":"open","ping_status":"open","template":"","meta":{"footnotes":""},"class_list":["post-65587","page","type-page","status-publish","hentry"],"acf":[],"_links":{"self":[{"href":"https:\/\/www.albinfo.at\/fr\/wp-json\/wp\/v2\/pages\/65587","targetHints":{"allow":["GET"]}}],"collection":[{"href":"https:\/\/www.albinfo.at\/fr\/wp-json\/wp\/v2\/pages"}],"about":[{"href":"https:\/\/www.albinfo.at\/fr\/wp-json\/wp\/v2\/types\/page"}],"author":[{"embeddable":true,"href":"https:\/\/www.albinfo.at\/fr\/wp-json\/wp\/v2\/users\/1"}],"replies":[{"embeddable":true,"href":"https:\/\/www.albinfo.at\/fr\/wp-json\/wp\/v2\/comments?post=65587"}],"version-history":[{"count":0,"href":"https:\/\/www.albinfo.at\/fr\/wp-json\/wp\/v2\/pages\/65587\/revisions"}],"wp:attachment":[{"href":"https:\/\/www.albinfo.at\/fr\/wp-json\/wp\/v2\/media?parent=65587"}],"curies":[{"name":"wp","href":"https:\/\/api.w.org\/{rel}","templated":true}]}}