{"id":65585,"date":"2014-12-17T10:59:33","date_gmt":"2014-12-17T10:59:33","guid":{"rendered":"http:\/\/albinfo.ch\/?page_id=65585"},"modified":"2014-12-17T10:59:33","modified_gmt":"2014-12-17T10:59:33","slug":"charta","status":"publish","type":"page","link":"https:\/\/www.albinfo.at\/de\/charta\/","title":{"rendered":"Charta"},"content":{"rendered":"<h2 class=\"art-PostHeader\">Charta der Internetplattform albinfo.ch<\/h2>\n<p>Albinfo.ch ist ein Verein im Sinn des Zivilgesetzbuches. Seine Mitglieder kommen aus verschiedenen politischen und beruflichen Richtungen und kennen sich in Migrationsfragen besonders gut aus. Der Verein ist parteiunabh\u00e4ngig und an keine Religion gebunden. Geleitet wird albinfo.ch von einem Vorstand, der seinerseits durch einen Strategierat unterst\u00fctzt wird. Die Vereinsmitglieder stammen aus der Schweiz und den Balkanl\u00e4ndern.<\/p>\n<p>Der Verein albinfo.ch m\u00f6chte bei der Entwicklung der Balkanl\u00e4nder und der Integration derer Staatsangeh\u00f6rigen in der Schweiz mitwirken. Hierf\u00fcr sollen die sozialen Ressourcen der Diaspora, insbesondere im Zusammenhang mit Investitionsprojekten in den Herkunftsl\u00e4ndern, gest\u00e4rkt und die Integration der Diaspora ins gesellschaftliche und politische Leben der Schweiz gef\u00f6rdert werden.<\/p>\n<p>Zu diesem Zweck unterh\u00e4lt der Verband die Internetplattform albinfo.ch, die t\u00e4glich professionelle Information und \u00f6ffentliche Dienstleistungen vor allem f\u00fcr die albanischsprachige Bev\u00f6lkerung anbietet, deutsch und franz\u00f6sisch \u00fcbersetzt, sowie zu einem sp\u00e4teren Zeitpunkt auch italienisch.<\/p>\n<p>Die redaktionelle Linie der Internetplattform albinfo.ch gr\u00fcndet unter anderen auf folgenden ethischen Werten und Anspr\u00fcchen: Citoyennet\u00e9, Objektivit\u00e4t, Verschiedenartigkeit, nachhaltige Entwicklung und Eintracht.<\/p>\n<p>Albinfo.ch st\u00e4rkt das Zugeh\u00f6rigkeitsgef\u00fchl zur Schweiz und achtet die\u00a0 Herkunftskulturen.<\/p>\n<p>Das Projekt albinfo.ch wird von der Schweizerischen Eidgenossenschaft (DEZA, BFM und EKM) finanziell unterst\u00fctzt.<\/p>\n<p>F\u00fcr den Inhalt seiner Internetplattform tr\u00e4gt albinfo.ch die alleinige Verantwortung.<\/p>\n","protected":false},"excerpt":{"rendered":"<p>Charta der Internetplattform albinfo.ch Albinfo.ch ist ein Verein im Sinn des Zivilgesetzbuches. Seine Mitglieder kommen aus verschiedenen politischen und beruflichen Richtungen und kennen sich in Migrationsfragen besonders gut aus. Der Verein ist parteiunabh\u00e4ngig und an keine Religion gebunden. Geleitet wird albinfo.ch von einem Vorstand, der seinerseits durch einen Strategierat unterst\u00fctzt wird. Die Vereinsmitglieder stammen aus [&hellip;]<\/p>\n","protected":false},"author":1,"featured_media":0,"parent":0,"menu_order":0,"comment_status":"open","ping_status":"open","template":"","meta":{"footnotes":""},"class_list":["post-65585","page","type-page","status-publish","hentry"],"acf":[],"_links":{"self":[{"href":"https:\/\/www.albinfo.at\/de\/wp-json\/wp\/v2\/pages\/65585","targetHints":{"allow":["GET"]}}],"collection":[{"href":"https:\/\/www.albinfo.at\/de\/wp-json\/wp\/v2\/pages"}],"about":[{"href":"https:\/\/www.albinfo.at\/de\/wp-json\/wp\/v2\/types\/page"}],"author":[{"embeddable":true,"href":"https:\/\/www.albinfo.at\/de\/wp-json\/wp\/v2\/users\/1"}],"replies":[{"embeddable":true,"href":"https:\/\/www.albinfo.at\/de\/wp-json\/wp\/v2\/comments?post=65585"}],"version-history":[{"count":0,"href":"https:\/\/www.albinfo.at\/de\/wp-json\/wp\/v2\/pages\/65585\/revisions"}],"wp:attachment":[{"href":"https:\/\/www.albinfo.at\/de\/wp-json\/wp\/v2\/media?parent=65585"}],"curies":[{"name":"wp","href":"https:\/\/api.w.org\/{rel}","templated":true}]}}